{"id":853,"date":"2018-10-19T13:56:57","date_gmt":"2018-10-19T13:56:57","guid":{"rendered":"https:\/\/aoe.alombredesetoiles.fr\/janus\/\/?page_id=853"},"modified":"2019-07-04T12:12:21","modified_gmt":"2019-07-04T12:12:21","slug":"contact","status":"publish","type":"page","link":"https:\/\/aoe.alombredesetoiles.fr\/janus\/contact\/","title":{"rendered":"Contact"},"content":{"rendered":"<p>[et_pb_section fb_built=\u00a0\u00bb1&Prime; _builder_version=\u00a0\u00bb3.22.3&Prime; background_color=\u00a0\u00bb#666666&Prime; custom_padding=\u00a0\u00bb50px|||\u00a0\u00bb][et_pb_row _builder_version=\u00a0\u00bb3.25&Prime; background_size=\u00a0\u00bbinitial\u00a0\u00bb background_position=\u00a0\u00bbtop_left\u00a0\u00bb background_repeat=\u00a0\u00bbrepeat\u00a0\u00bb][et_pb_column type=\u00a0\u00bb4_4&Prime; _builder_version=\u00a0\u00bb3.25&Prime; custom_padding=\u00a0\u00bb|||\u00a0\u00bb custom_padding__hover=\u00a0\u00bb|||\u00a0\u00bb][et_pb_text _builder_version=\u00a0\u00bb3.19.4&Prime; header_font=\u00a0\u00bb|300|||||||\u00a0\u00bb header_text_color=\u00a0\u00bb#ffffff\u00a0\u00bb header_font_size=\u00a0\u00bb45px\u00a0\u00bb custom_margin=\u00a0\u00bb140px|||\u00a0\u00bb]<\/p>\n<h1>Contactez-nous<\/h1>\n<p>\u00a0<\/p>\n<p>[\/et_pb_text][et_pb_code _builder_version=\u00a0\u00bb3.19.4&Prime;]<div class=\"caldera-grid\" id=\"caldera_form_1\" data-cf-ver=\"1.9.5\" data-cf-form-id=\"CF5c0edc46b7500\"><div id=\"caldera_notices_1\" data-spinner=\"https:\/\/aoe.alombredesetoiles.fr\/janus\/wp-admin\/images\/spinner.gif\"><\/div><form data-instance=\"1\" class=\"CF5c0edc46b7500 caldera_forms_form cfajax-trigger\" method=\"POST\" enctype=\"multipart\/form-data\" id=\"CF5c0edc46b7500_1\" data-form-id=\"CF5c0edc46b7500\" aria-label=\"Contact principale\" data-target=\"#caldera_notices_1\" data-template=\"#cfajax_CF5c0edc46b7500-tmpl\" data-cfajax=\"CF5c0edc46b7500\" data-load-element=\"_parent\" data-load-class=\"cf_processing\" data-post-disable=\"0\" data-action=\"cf_process_ajax_submit\" data-request=\"https:\/\/aoe.alombredesetoiles.fr\/janus\/cf-api\/CF5c0edc46b7500\" data-hiderows=\"true\">\r\n<input type=\"hidden\" id=\"_cf_verify_CF5c0edc46b7500\" name=\"_cf_verify\" value=\"1fd469779b\"  data-nonce-time=\"1778424465\" \/><input type=\"hidden\" name=\"_wp_http_referer\" value=\"\/janus\/wp-json\/wp\/v2\/pages\/853\" \/><div id=\"cf2-CF5c0edc46b7500_1\"><\/div><input type=\"hidden\" name=\"_cf_frm_id\" value=\"CF5c0edc46b7500\">\r\n<input type=\"hidden\" name=\"_cf_frm_ct\" value=\"1\">\r\n<input type=\"hidden\" name=\"cfajax\" value=\"CF5c0edc46b7500\">\r\n<input type=\"hidden\" name=\"_cf_cr_pst\" value=\"853\">\r\n<div class=\"hide\" style=\"display:none; overflow:hidden;height:0;width:0;\">\r\n<label>Phone<\/label><input type=\"text\" name=\"phone\" value=\"\" autocomplete=\"off\">\r\n<\/div><div id=\"CF5c0edc46b7500_1-row-1\"  class=\"row  first_row\"><div  class=\"col-sm-12  single\"><div class=\"txtFormContact\"><h2>Vos d\u00e9tails<\/h2>\n<p>Faites-nous savoir comment vous contacter.<\/p>\n<hr>\n<\/div><\/div><\/div><div id=\"CF5c0edc46b7500_1-row-2\"  class=\"row \"><div  class=\"col-sm-6  first_col\"><div data-field-wrapper=\"fld_8768091\" class=\"form-group txtFormContact\" id=\"fld_8768091_1-wrap\">\r\n\t<label id=\"fld_8768091Label\" for=\"fld_8768091_1\" class=\"control-label\">Pr\u00e9nom <span aria-hidden=\"true\" role=\"presentation\" class=\"field_required\" style=\"color:#ee0000;\">*<\/span><\/label>\r\n\t<div class=\"\">\r\n\t\t<input   required type=\"text\" data-field=\"fld_8768091\" class=\" form-control\" id=\"fld_8768091_1\" name=\"fld_8768091\" value=\"\" data-type=\"text\" aria-required=\"true\"   aria-labelledby=\"fld_8768091Label\" >\t\t\t<\/div>\r\n<\/div>\r\n<div data-field-wrapper=\"fld_6009157\" class=\"form-group txtFormContact\" id=\"fld_6009157_1-wrap\">\r\n\t<label id=\"fld_6009157Label\" for=\"fld_6009157_1\" class=\"control-label\">Adresse de messagerie <span aria-hidden=\"true\" role=\"presentation\" class=\"field_required\" style=\"color:#ee0000;\">*<\/span><\/label>\r\n\t<div class=\"\">\r\n\t\t<input   required type=\"email\" data-field=\"fld_6009157\" class=\" form-control\" id=\"fld_6009157_1\" name=\"fld_6009157\" value=\"\" data-type=\"email\" aria-required=\"true\"   aria-labelledby=\"fld_6009157Label\" >\t\t\t<\/div>\r\n<\/div>\r\n<\/div><div  class=\"col-sm-6  last_col\"><div data-field-wrapper=\"fld_9970286\" class=\"form-group txtFormContact\" id=\"fld_9970286_1-wrap\">\r\n\t<label id=\"fld_9970286Label\" for=\"fld_9970286_1\" class=\"control-label\">Nom de famille <span aria-hidden=\"true\" role=\"presentation\" class=\"field_required\" style=\"color:#ee0000;\">*<\/span><\/label>\r\n\t<div class=\"\">\r\n\t\t<input   required type=\"text\" data-field=\"fld_9970286\" class=\" form-control\" id=\"fld_9970286_1\" name=\"fld_9970286\" value=\"\" data-type=\"text\" aria-required=\"true\"   aria-labelledby=\"fld_9970286Label\" >\t\t\t<\/div>\r\n<\/div>\r\n<div data-field-wrapper=\"fld_8708922\" class=\"form-group txtFormContact\" id=\"fld_8708922_1-wrap\">\r\n\t<label id=\"fld_8708922Label\" for=\"fld_8708922_1\" class=\"control-label\">T\u00e9l\u00e9phone <span aria-hidden=\"true\" role=\"presentation\" class=\"field_required\" style=\"color:#ee0000;\">*<\/span><\/label>\r\n\t<div class=\"\">\r\n\t\t<input  data-inputmask=\"'mask': '99 99 99 99 99'\"  required type=\"phone\" data-field=\"fld_8708922\" class=\" form-control\" id=\"fld_8708922_1\" name=\"fld_8708922\" value=\"\" data-type=\"phone\" aria-required=\"true\"   aria-labelledby=\"fld_8708922Label\" >\t\t\t<\/div>\r\n<\/div>\r\n<\/div><\/div><div id=\"CF5c0edc46b7500_1-row-3\"  class=\"row \"><div  class=\"col-sm-12  single\"><hr id=\"fld_3643639_1\" class=\"\" style=\"width: 100%\" \/><div class=\"txtFormContact\"><p><\/ br><\/p>\n<h2>Comment pouvons-nous vous aider ?<\/h2>\n<p>N\u2019h\u00e9sitez pas \u00e0 poser une question ou \u00e0 simplement laisser un commentaire.<\/p>\n<p><\/ br><\/p>\n<hr>\n<\/div><div data-field-wrapper=\"fld_7736743\" class=\"form-group\" id=\"fld_7736743_1-wrap\">\r\n\t<label id=\"fld_7736743Label\" for=\"fld_7736743_1\" class=\"control-label screen-reader-text sr-only\">Services<\/label>\r\n\t<div class=\"\">\r\n\t\t<select name=\"fld_7736743\" value=\"\" data-field=\"fld_7736743\" class=\"form-control\" id=\"fld_7736743_1\"  required=\"required\"  aria-labelledby=\"fld_7736743Label\" >\n\t\t<option value=\"\" disabled selected>S\u00e9lectionnez un service *<\/option>\t\t\t\t\t<option value=\"Informations g\u00e9n\u00e9rales\"  data-calc-value=\"Informations g\u00e9n\u00e9rales\" >\n\t\t\t\t\t\tInformations g\u00e9n\u00e9rales\t\t\t\t\t<\/option>\n\t\t\t\t\t\t\t\t\t\t<option value=\"Acquisition\"  data-calc-value=\"Acquisition\" >\n\t\t\t\t\t\tAcquisition\t\t\t\t\t<\/option>\n\t\t\t\t\t\t\t\t\t\t<option value=\"Architecture\"  data-calc-value=\"Architecture\" >\n\t\t\t\t\t\tArchitecture\t\t\t\t\t<\/option>\n\t\t\t\t\t\t\t\t\t\t<option value=\"Chaix\"  data-calc-value=\"Chaix\" >\n\t\t\t\t\t\tChaix\t\t\t\t\t<\/option>\n\t\t\t\t\t\t\t\t\t\t<option value=\"Vignoble &amp; Terroir\"  data-calc-value=\"Vignoble &amp; Terroir\" >\n\t\t\t\t\t\tVignoble &amp; Terroir\t\t\t\t\t<\/option>\n\t\t\t\t\t\t\t\t\t\t<option value=\"Marketing\"  data-calc-value=\"Marketing\" >\n\t\t\t\t\t\tMarketing\t\t\t\t\t<\/option>\n\t\t\t\t\t\t\t\t\t\t<option value=\"Patrimoine\"  data-calc-value=\"Patrimoine\" >\n\t\t\t\t\t\tPatrimoine\t\t\t\t\t<\/option>\n\t\t\t\t\t\t\t\t\t\t<option value=\"Business plan\"  data-calc-value=\"Business plan\" >\n\t\t\t\t\t\tBusiness plan\t\t\t\t\t<\/option>\n\t\t\t\t\t\t\t\t\t\t<option value=\"Autres\"  data-calc-value=\"Autres\" >\n\t\t\t\t\t\tAutres\t\t\t\t\t<\/option>\n\t\t\t\t\t\t\t<\/select>\n\t\t\t<\/div>\r\n<\/div>\r\n<div data-field-wrapper=\"fld_5369845\" class=\"form-group txtFormContact\" id=\"fld_5369845_1-wrap\">\r\n\t<label id=\"fld_5369845Label\" for=\"fld_5369845_1\" class=\"control-label\">Objet <span aria-hidden=\"true\" role=\"presentation\" class=\"field_required\" style=\"color:#ee0000;\">*<\/span><\/label>\r\n\t<div class=\"\">\r\n\t\t<input   required type=\"text\" data-field=\"fld_5369845\" class=\" form-control\" id=\"fld_5369845_1\" name=\"fld_5369845\" value=\"\" data-type=\"text\" aria-required=\"true\"   aria-labelledby=\"fld_5369845Label\" >\t\t\t<\/div>\r\n<\/div>\r\n<\/div><\/div><div id=\"CF5c0edc46b7500_1-row-4\"  class=\"row \"><div  class=\"col-sm-12  single\"><div data-field-wrapper=\"fld_7683514\" class=\"form-group txtFormContact\" id=\"fld_7683514_1-wrap\">\r\n\t<label id=\"fld_7683514Label\" for=\"fld_7683514_1\" class=\"control-label\">Commentaires\/questions <span aria-hidden=\"true\" role=\"presentation\" class=\"field_required\" style=\"color:#ee0000;\">*<\/span><\/label>\r\n\t<div class=\"\">\r\n\t\t<textarea name=\"fld_7683514\" value=\"\" data-field=\"fld_7683514\" class=\"form-control\" id=\"fld_7683514_1\" rows=\"7\"  required=\"required\"  aria-labelledby=\"fld_7683514Label\" ><\/textarea>\n\t\t\t<\/div>\r\n<\/div>\r\n<\/div><\/div><div id=\"CF5c0edc46b7500_1-row-5\"  class=\"row  last_row\"><div  class=\"col-sm-12  single\"><div data-field-wrapper=\"fld_7908577\" class=\"form-group BtnEnvoyer\" id=\"fld_7908577_1-wrap\">\r\n\t<label class=\"control-label\">&nbsp;<\/label>\n<div class=\"\">\r\n\t<input  class=\"btn btn-default\" type=\"submit\" name=\"fld_7908577\" id=\"fld_7908577_1\" value=\"Envoyer le message\" data-field=\"fld_7908577\"  >\n<\/div>\r\n<\/div>\r\n\t<input class=\"button_trigger_1\" type=\"hidden\" name=\"fld_7908577\" id=\"fld_7908577_1_btn\" value=\"\" data-field=\"fld_7908577\"  \/>\n<\/div><\/div><\/form>\r\n<\/div>\r\n[\/et_pb_code][\/et_pb_column][\/et_pb_row][\/et_pb_section]<\/p>\n","protected":false},"excerpt":{"rendered":"<p>Contactez-nous\u00a0 <div class=\"caldera-grid\" id=\"caldera_form_2\" data-cf-ver=\"1.9.5\" data-cf-form-id=\"CF5c0edc46b7500\"><div id=\"caldera_notices_2\" data-spinner=\"https:\/\/aoe.alombredesetoiles.fr\/janus\/wp-admin\/images\/spinner.gif\"><\/div><form data-instance=\"2\" class=\"CF5c0edc46b7500 caldera_forms_form cfajax-trigger\" method=\"POST\" enctype=\"multipart\/form-data\" id=\"CF5c0edc46b7500_2\" data-form-id=\"CF5c0edc46b7500\" aria-label=\"Contact principale\" data-target=\"#caldera_notices_2\" data-template=\"#cfajax_CF5c0edc46b7500-tmpl\" data-cfajax=\"CF5c0edc46b7500\" data-load-element=\"_parent\" data-load-class=\"cf_processing\" data-post-disable=\"0\" data-action=\"cf_process_ajax_submit\" data-request=\"https:\/\/aoe.alombredesetoiles.fr\/janus\/cf-api\/CF5c0edc46b7500\" data-hiderows=\"true\">\r\n<input type=\"hidden\" id=\"_cf_verify_CF5c0edc46b7500\" name=\"_cf_verify\" value=\"1fd469779b\"  data-nonce-time=\"1778424466\" \/><input type=\"hidden\" name=\"_wp_http_referer\" value=\"\/janus\/wp-json\/wp\/v2\/pages\/853\" \/><div id=\"cf2-CF5c0edc46b7500_2\"><\/div><input type=\"hidden\" name=\"_cf_frm_id\" value=\"CF5c0edc46b7500\">\r\n<input type=\"hidden\" name=\"_cf_frm_ct\" value=\"2\">\r\n<input type=\"hidden\" name=\"cfajax\" value=\"CF5c0edc46b7500\">\r\n<input type=\"hidden\" name=\"_cf_cr_pst\" value=\"853\">\r\n<div class=\"hide\" style=\"display:none; overflow:hidden;height:0;width:0;\">\r\n<label>Url<\/label><input type=\"text\" name=\"url\" value=\"\" autocomplete=\"off\">\r\n<\/div><div id=\"CF5c0edc46b7500_2-row-1\"  class=\"row  first_row\"><div  class=\"col-sm-12  single\"><div class=\"txtFormContact\"><h2>Vos d\u00e9tails<\/h2>\n<p>Faites-nous savoir comment vous contacter.<\/p>\n<hr>\n<\/div><\/div><\/div><div id=\"CF5c0edc46b7500_2-row-2\"  class=\"row \"><div  class=\"col-sm-6  first_col\"><div data-field-wrapper=\"fld_8768091\" class=\"form-group txtFormContact\" id=\"fld_8768091_2-wrap\">\r\n\t<label id=\"fld_8768091Label\" for=\"fld_8768091_2\" class=\"control-label\">Pr\u00e9nom <span aria-hidden=\"true\" role=\"presentation\" class=\"field_required\" style=\"color:#ee0000;\">*<\/span><\/label>\r\n\t<div class=\"\">\r\n\t\t<input   required type=\"text\" data-field=\"fld_8768091\" class=\" form-control\" id=\"fld_8768091_2\" name=\"fld_8768091\" value=\"\" data-type=\"text\" aria-required=\"true\"   aria-labelledby=\"fld_8768091Label\" >\t\t\t<\/div>\r\n<\/div>\r\n<div data-field-wrapper=\"fld_6009157\" class=\"form-group txtFormContact\" id=\"fld_6009157_2-wrap\">\r\n\t<label id=\"fld_6009157Label\" for=\"fld_6009157_2\" class=\"control-label\">Adresse de messagerie <span aria-hidden=\"true\" role=\"presentation\" class=\"field_required\" style=\"color:#ee0000;\">*<\/span><\/label>\r\n\t<div class=\"\">\r\n\t\t<input   required type=\"email\" data-field=\"fld_6009157\" class=\" form-control\" id=\"fld_6009157_2\" name=\"fld_6009157\" value=\"\" data-type=\"email\" aria-required=\"true\"   aria-labelledby=\"fld_6009157Label\" >\t\t\t<\/div>\r\n<\/div>\r\n<\/div><div  class=\"col-sm-6  last_col\"><div data-field-wrapper=\"fld_9970286\" class=\"form-group txtFormContact\" id=\"fld_9970286_2-wrap\">\r\n\t<label id=\"fld_9970286Label\" for=\"fld_9970286_2\" class=\"control-label\">Nom de famille <span aria-hidden=\"true\" role=\"presentation\" class=\"field_required\" style=\"color:#ee0000;\">*<\/span><\/label>\r\n\t<div class=\"\">\r\n\t\t<input   required type=\"text\" data-field=\"fld_9970286\" class=\" form-control\" id=\"fld_9970286_2\" name=\"fld_9970286\" value=\"\" data-type=\"text\" aria-required=\"true\"   aria-labelledby=\"fld_9970286Label\" >\t\t\t<\/div>\r\n<\/div>\r\n<div data-field-wrapper=\"fld_8708922\" class=\"form-group txtFormContact\" id=\"fld_8708922_2-wrap\">\r\n\t<label id=\"fld_8708922Label\" for=\"fld_8708922_2\" class=\"control-label\">T\u00e9l\u00e9phone <span aria-hidden=\"true\" role=\"presentation\" class=\"field_required\" style=\"color:#ee0000;\">*<\/span><\/label>\r\n\t<div class=\"\">\r\n\t\t<input  data-inputmask=\"'mask': '99 99 99 99 99'\"  required type=\"phone\" data-field=\"fld_8708922\" class=\" form-control\" id=\"fld_8708922_2\" name=\"fld_8708922\" value=\"\" data-type=\"phone\" aria-required=\"true\"   aria-labelledby=\"fld_8708922Label\" >\t\t\t<\/div>\r\n<\/div>\r\n<\/div><\/div><div id=\"CF5c0edc46b7500_2-row-3\"  class=\"row \"><div  class=\"col-sm-12  single\"><hr id=\"fld_3643639_2\" class=\"\" style=\"width: 100%\" \/><div class=\"txtFormContact\"><p><\/ br><\/p>\n<h2>Comment pouvons-nous vous aider ?<\/h2>\n<p>N\u2019h\u00e9sitez pas \u00e0 poser une question ou \u00e0 simplement laisser un commentaire.<\/p>\n<p><\/ br><\/p>\n<hr>\n<\/div><div data-field-wrapper=\"fld_7736743\" class=\"form-group\" id=\"fld_7736743_2-wrap\">\r\n\t<label id=\"fld_7736743Label\" for=\"fld_7736743_2\" class=\"control-label screen-reader-text sr-only\">Services<\/label>\r\n\t<div class=\"\">\r\n\t\t<select name=\"fld_7736743\" value=\"\" data-field=\"fld_7736743\" class=\"form-control\" id=\"fld_7736743_2\"  required=\"required\"  aria-labelledby=\"fld_7736743Label\" >\n\t\t<option value=\"\" disabled selected>S\u00e9lectionnez un service *<\/option>\t\t\t\t\t<option value=\"Informations g\u00e9n\u00e9rales\"  data-calc-value=\"Informations g\u00e9n\u00e9rales\" >\n\t\t\t\t\t\tInformations g\u00e9n\u00e9rales\t\t\t\t\t<\/option>\n\t\t\t\t\t\t\t\t\t\t<option value=\"Acquisition\"  data-calc-value=\"Acquisition\" >\n\t\t\t\t\t\tAcquisition\t\t\t\t\t<\/option>\n\t\t\t\t\t\t\t\t\t\t<option value=\"Architecture\"  data-calc-value=\"Architecture\" >\n\t\t\t\t\t\tArchitecture\t\t\t\t\t<\/option>\n\t\t\t\t\t\t\t\t\t\t<option value=\"Chaix\"  data-calc-value=\"Chaix\" >\n\t\t\t\t\t\tChaix\t\t\t\t\t<\/option>\n\t\t\t\t\t\t\t\t\t\t<option value=\"Vignoble &amp; Terroir\"  data-calc-value=\"Vignoble &amp; Terroir\" >\n\t\t\t\t\t\tVignoble &amp; Terroir\t\t\t\t\t<\/option>\n\t\t\t\t\t\t\t\t\t\t<option value=\"Marketing\"  data-calc-value=\"Marketing\" >\n\t\t\t\t\t\tMarketing\t\t\t\t\t<\/option>\n\t\t\t\t\t\t\t\t\t\t<option value=\"Patrimoine\"  data-calc-value=\"Patrimoine\" >\n\t\t\t\t\t\tPatrimoine\t\t\t\t\t<\/option>\n\t\t\t\t\t\t\t\t\t\t<option value=\"Business plan\"  data-calc-value=\"Business plan\" >\n\t\t\t\t\t\tBusiness plan\t\t\t\t\t<\/option>\n\t\t\t\t\t\t\t\t\t\t<option value=\"Autres\"  data-calc-value=\"Autres\" >\n\t\t\t\t\t\tAutres\t\t\t\t\t<\/option>\n\t\t\t\t\t\t\t<\/select>\n\t\t\t<\/div>\r\n<\/div>\r\n<div data-field-wrapper=\"fld_5369845\" class=\"form-group txtFormContact\" id=\"fld_5369845_2-wrap\">\r\n\t<label id=\"fld_5369845Label\" for=\"fld_5369845_2\" class=\"control-label\">Objet <span aria-hidden=\"true\" role=\"presentation\" class=\"field_required\" style=\"color:#ee0000;\">*<\/span><\/label>\r\n\t<div class=\"\">\r\n\t\t<input   required type=\"text\" data-field=\"fld_5369845\" class=\" form-control\" id=\"fld_5369845_2\" name=\"fld_5369845\" value=\"\" data-type=\"text\" aria-required=\"true\"   aria-labelledby=\"fld_5369845Label\" >\t\t\t<\/div>\r\n<\/div>\r\n<\/div><\/div><div id=\"CF5c0edc46b7500_2-row-4\"  class=\"row \"><div  class=\"col-sm-12  single\"><div data-field-wrapper=\"fld_7683514\" class=\"form-group txtFormContact\" id=\"fld_7683514_2-wrap\">\r\n\t<label id=\"fld_7683514Label\" for=\"fld_7683514_2\" class=\"control-label\">Commentaires\/questions <span aria-hidden=\"true\" role=\"presentation\" class=\"field_required\" style=\"color:#ee0000;\">*<\/span><\/label>\r\n\t<div class=\"\">\r\n\t\t<textarea name=\"fld_7683514\" value=\"\" data-field=\"fld_7683514\" class=\"form-control\" id=\"fld_7683514_2\" rows=\"7\"  required=\"required\"  aria-labelledby=\"fld_7683514Label\" ><\/textarea>\n\t\t\t<\/div>\r\n<\/div>\r\n<\/div><\/div><div id=\"CF5c0edc46b7500_2-row-5\"  class=\"row  last_row\"><div  class=\"col-sm-12  single\"><div data-field-wrapper=\"fld_7908577\" class=\"form-group BtnEnvoyer\" id=\"fld_7908577_2-wrap\">\r\n\t<label class=\"control-label\">&nbsp;<\/label>\n<div class=\"\">\r\n\t<input  class=\"btn btn-default\" type=\"submit\" name=\"fld_7908577\" id=\"fld_7908577_2\" value=\"Envoyer le message\" data-field=\"fld_7908577\"  >\n<\/div>\r\n<\/div>\r\n\t<input class=\"button_trigger_2\" type=\"hidden\" name=\"fld_7908577\" id=\"fld_7908577_2_btn\" value=\"\" data-field=\"fld_7908577\"  \/>\n<\/div><\/div><\/form>\r\n<\/div>\r\n<\/p>\n","protected":false},"author":1,"featured_media":0,"parent":0,"menu_order":0,"comment_status":"closed","ping_status":"closed","template":"","meta":{"_et_pb_use_builder":"on","_et_pb_old_content":"","_et_gb_content_width":""},"_links":{"self":[{"href":"https:\/\/aoe.alombredesetoiles.fr\/janus\/wp-json\/wp\/v2\/pages\/853"}],"collection":[{"href":"https:\/\/aoe.alombredesetoiles.fr\/janus\/wp-json\/wp\/v2\/pages"}],"about":[{"href":"https:\/\/aoe.alombredesetoiles.fr\/janus\/wp-json\/wp\/v2\/types\/page"}],"author":[{"embeddable":true,"href":"https:\/\/aoe.alombredesetoiles.fr\/janus\/wp-json\/wp\/v2\/users\/1"}],"replies":[{"embeddable":true,"href":"https:\/\/aoe.alombredesetoiles.fr\/janus\/wp-json\/wp\/v2\/comments?post=853"}],"version-history":[{"count":9,"href":"https:\/\/aoe.alombredesetoiles.fr\/janus\/wp-json\/wp\/v2\/pages\/853\/revisions"}],"predecessor-version":[{"id":2149,"href":"https:\/\/aoe.alombredesetoiles.fr\/janus\/wp-json\/wp\/v2\/pages\/853\/revisions\/2149"}],"wp:attachment":[{"href":"https:\/\/aoe.alombredesetoiles.fr\/janus\/wp-json\/wp\/v2\/media?parent=853"}],"curies":[{"name":"wp","href":"https:\/\/api.w.org\/{rel}","templated":true}]}}